{"id":532,"date":"2024-10-18T19:37:58","date_gmt":"2024-10-18T17:37:58","guid":{"rendered":"https:\/\/dev-werss.com\/?page_id=532"},"modified":"2024-10-19T16:36:36","modified_gmt":"2024-10-19T14:36:36","slug":"groupe-duchesne","status":"publish","type":"page","link":"https:\/\/dev-werss.com\/?page_id=532","title":{"rendered":"Groupe Duchesne"},"content":{"rendered":"\t\t<div data-elementor-type=\"wp-page\" data-elementor-id=\"532\" class=\"elementor elementor-532\" data-elementor-post-type=\"page\">\n\t\t\t\t<div class=\"elementor-element elementor-element-addd542 e-flex e-con-boxed elementor-invisible e-con e-parent\" data-id=\"addd542\" data-element_type=\"container\" data-settings=\"{&quot;background_background&quot;:&quot;classic&quot;,&quot;animation&quot;:&quot;fadeInDown&quot;}\">\n\t\t\t\t\t<div class=\"e-con-inner\">\n\t\t<div class=\"elementor-element elementor-element-924509c e-con-full e-flex e-con e-child\" data-id=\"924509c\" data-element_type=\"container\" data-settings=\"{&quot;background_background&quot;:&quot;classic&quot;}\">\n\t\t\t\t<div class=\"elementor-element elementor-element-19513dd elementor-widget elementor-widget-spacer\" data-id=\"19513dd\" data-element_type=\"widget\" data-widget_type=\"spacer.default\">\n\t\t\t\t<div class=\"elementor-widget-container\">\n\t\t\t\t\t<div class=\"elementor-spacer\">\n\t\t\t<div class=\"elementor-spacer-inner\"><\/div>\n\t\t<\/div>\n\t\t\t\t<\/div>\n\t\t\t\t<\/div>\n\t\t\t\t<div class=\"elementor-element elementor-element-6e38fdf elementor-align-center elementor-widget elementor-widget-button\" data-id=\"6e38fdf\" data-element_type=\"widget\" data-widget_type=\"button.default\">\n\t\t\t\t<div class=\"elementor-widget-container\">\n\t\t\t\t\t<div class=\"elementor-button-wrapper\">\n\t\t\t<a class=\"elementor-button elementor-button-link elementor-size-sm\" href=\"#\">\n\t\t\t\t\t\t<span class=\"elementor-button-content-wrapper\">\n\t\t\t\t\t\t\t\t\t<span class=\"elementor-button-text\">Groupe Duchesne<\/span>\n\t\t\t\t\t<\/span>\n\t\t\t\t\t<\/a>\n\t\t<\/div>\n\t\t\t\t<\/div>\n\t\t\t\t<\/div>\n\t\t\t\t<div class=\"elementor-element elementor-element-31a61c4 elementor-widget elementor-widget-spacer\" data-id=\"31a61c4\" data-element_type=\"widget\" data-widget_type=\"spacer.default\">\n\t\t\t\t<div class=\"elementor-widget-container\">\n\t\t\t\t\t<div class=\"elementor-spacer\">\n\t\t\t<div class=\"elementor-spacer-inner\"><\/div>\n\t\t<\/div>\n\t\t\t\t<\/div>\n\t\t\t\t<\/div>\n\t\t\t\t<\/div>\n\t\t\t\t\t<\/div>\n\t\t\t\t<\/div>\n\t\t<div class=\"elementor-element elementor-element-75a7aa7 e-flex e-con-boxed elementor-invisible e-con e-parent\" data-id=\"75a7aa7\" data-element_type=\"container\" data-settings=\"{&quot;animation&quot;:&quot;fadeInUp&quot;}\">\n\t\t\t\t\t<div class=\"e-con-inner\">\n\t\t<div class=\"elementor-element elementor-element-9a6e9f1 e-con-full e-flex e-con e-child\" data-id=\"9a6e9f1\" data-element_type=\"container\" data-settings=\"{&quot;background_background&quot;:&quot;classic&quot;}\">\n\t\t\t\t<\/div>\n\t\t<div class=\"elementor-element elementor-element-d6a2bd8 e-con-full e-flex e-con e-child\" data-id=\"d6a2bd8\" data-element_type=\"container\">\n\t\t\t\t<div class=\"elementor-element elementor-element-48ee62e elementor-widget elementor-widget-heading\" data-id=\"48ee62e\" data-element_type=\"widget\" data-widget_type=\"heading.default\">\n\t\t\t\t<div class=\"elementor-widget-container\">\n\t\t\t<h2 class=\"elementor-heading-title elementor-size-default\">GROUPE DUCHESNE<\/h2>\t\t<\/div>\n\t\t\t\t<\/div>\n\t\t\t\t<div class=\"elementor-element elementor-element-a61d940 elementor-widget elementor-widget-heading\" data-id=\"a61d940\" data-element_type=\"widget\" data-widget_type=\"heading.default\">\n\t\t\t\t<div class=\"elementor-widget-container\">\n\t\t\t<h2 class=\"elementor-heading-title elementor-size-default\">HISTOIRE<\/h2>\t\t<\/div>\n\t\t\t\t<\/div>\n\t\t\t\t<div class=\"elementor-element elementor-element-bb030ba elementor-widget elementor-widget-text-editor\" data-id=\"bb030ba\" data-element_type=\"widget\" data-widget_type=\"text-editor.default\">\n\t\t\t\t<div class=\"elementor-widget-container\">\n\t\t\t\t\t\t\t\u2022 1956 : Georges BOURGON s\u00e8me quelques kilos de graines d&rsquo;\u00e9pic\u00e9as et sapins pectin\u00e9s. C&rsquo;est le d\u00e9marrage d&rsquo;une p\u00e9pini\u00e8re foresti\u00e8re.\n<br>\n<br>\u2022 1967: Reprise de la p\u00e9pini\u00e8re sylvicole par Dominique DUCHESNE, gendre de Georges\nBOURGON. D\u00e9marrage d&rsquo;une p\u00e9pini\u00e8re g\u00e9n\u00e9rale : v\u00e9g\u00e9taux d&rsquo;ornement et fruitiers.\n<br>\n<br>\u2022 1968: Cr\u00e9ation d&rsquo;une activit\u00e9 d&rsquo;espaces verts paysage. Inscription au registre du commerce, le\n1er janvier 1969.\n<br>\n<br>\u2022 1989 : Ouverture d&rsquo;une jardinerie le 10 avril \u00e0 Pontarlier. A l&rsquo;enseigne VIVE LE JARDIN, jardinerie ind\u00e9pendante affili\u00e9e. Dominique DUCHESNE en est g\u00e9rant.\n<br>\n<br>\u2022 1993 : En juin, Vincent DUCHESNE, titulaire d&rsquo;un BTS et certificat de sp\u00e9cialit\u00e9 en gestion informatique horticole, rejoint son p\u00e8re pour s&rsquo;occuper principalement de la p\u00e9pini\u00e8re.\n<br>\n<br>\u2022 1996: Cr\u00e9ation de l&rsquo;EARL PEPINIERES DUCHESNE entre Dominique DUCHESNE et Vincent\nDUCHESNE.\n<br>\n<br>\u2022 1999 : Cr\u00e9ation de la Sarl DUCHESNE ESPACES VERT\n<br>\n<br>\u2022 2001 : Beno\u00eet DUCHESNE, Ing\u00e9nieur ENITH Angers, rejoint DUCHESNE ESPACES VERTS.\n<br>\n<br>\u2022 2002 : Ouverture d&rsquo;une deuxi\u00e8me jardinerie, VIVE LE JARDIN, \u00e0 \u00c9cole Valentin. Sous la dir de H\u00e9l\u00e8ne DUCHESNE.\nCATALOGUE\nCOMMANDE\nEN LIGNE\n<br>\n<br>\u2022 2006: Louis LAURENT, gendre de Dominique DUCHESNE, rejoint le groupe comme cadre de direction, particuli\u00e8rement affect\u00e9 aux Espaces Verts. Dominique DUCHESNE prend sa retraite.\n<br>\n<br>\u2022 2009 : Cr\u00e9ation de la soci\u00e9t\u00e9 DUCHESNE SERVICES. Entreprise de service \u00e0 la personne pour tous travaux de jardinage permettant au client de b\u00e9n\u00e9ficier de la r\u00e9duction fiscale. Cr\u00e9ation de la holding DUCHESNE JARDINS regroupant toutes les activit\u00e9s du groupe et g\u00e9r\u00e9 par Vincent et Beno\u00eet DUCHESNE. L&rsquo;entreprise reste familiale.\n<br>\n<br>\u2022 2012 : les magasins VIVE LE JARDIN de Pontarlier et \u00c9cole Valentin deviennent L&rsquo;Esprit\nJardiland.\n<br>\n<br>\u2022 2014: Thomas LAURENT, fils de Louis LAURENT et neveux de Benoit et Vincent DUCHESNE, fait son entr\u00e9e dans l&rsquo;entreprise, dans le service Espaces Verts.\n<br>\n<br>\u2022 2021: Thomas LAURENT devient actionnaire de l&rsquo;entreprise de ses 2 oncles, Vincent et Benoit.\n<br>\n<br>\u2022 2022: D\u00e9part en retraite de Louis LAURENT, arriv\u00e9e de Thomas au poste de conducteur de travaux du service des Espaces Verts.\t\t\t\t\t\t<\/div>\n\t\t\t\t<\/div>\n\t\t\t\t<\/div>\n\t\t\t\t\t<\/div>\n\t\t\t\t<\/div>\n\t\t<div class=\"elementor-element elementor-element-fece27b e-flex e-con-boxed elementor-invisible e-con e-parent\" data-id=\"fece27b\" data-element_type=\"container\" data-settings=\"{&quot;background_background&quot;:&quot;classic&quot;,&quot;animation&quot;:&quot;fadeIn&quot;}\">\n\t\t\t\t\t<div class=\"e-con-inner\">\n\t\t<div class=\"elementor-element elementor-element-f469b79 e-con-full e-flex e-con e-child\" data-id=\"f469b79\" data-element_type=\"container\" data-settings=\"{&quot;background_background&quot;:&quot;classic&quot;}\">\n\t\t\t\t<div class=\"elementor-element elementor-element-c128b6c elementor-widget elementor-widget-spacer\" data-id=\"c128b6c\" data-element_type=\"widget\" data-widget_type=\"spacer.default\">\n\t\t\t\t<div class=\"elementor-widget-container\">\n\t\t\t\t\t<div class=\"elementor-spacer\">\n\t\t\t<div class=\"elementor-spacer-inner\"><\/div>\n\t\t<\/div>\n\t\t\t\t<\/div>\n\t\t\t\t<\/div>\n\t\t\t\t<div class=\"elementor-element elementor-element-9807a59 elementor-align-center elementor-widget elementor-widget-button\" data-id=\"9807a59\" data-element_type=\"widget\" data-widget_type=\"button.default\">\n\t\t\t\t<div class=\"elementor-widget-container\">\n\t\t\t\t\t<div class=\"elementor-button-wrapper\">\n\t\t\t<a class=\"elementor-button elementor-button-link elementor-size-sm\" href=\"https:\/\/dev-werss.com\/?page_id=297\">\n\t\t\t\t\t\t<span class=\"elementor-button-content-wrapper\">\n\t\t\t\t\t\t\t\t\t<span class=\"elementor-button-text\">VOUS AVEZ UN PROJET ?<\/span>\n\t\t\t\t\t<\/span>\n\t\t\t\t\t<\/a>\n\t\t<\/div>\n\t\t\t\t<\/div>\n\t\t\t\t<\/div>\n\t\t\t\t<div class=\"elementor-element elementor-element-4a03dad elementor-widget elementor-widget-spacer\" data-id=\"4a03dad\" data-element_type=\"widget\" data-widget_type=\"spacer.default\">\n\t\t\t\t<div class=\"elementor-widget-container\">\n\t\t\t\t\t<div class=\"elementor-spacer\">\n\t\t\t<div class=\"elementor-spacer-inner\"><\/div>\n\t\t<\/div>\n\t\t\t\t<\/div>\n\t\t\t\t<\/div>\n\t\t\t\t<\/div>\n\t\t\t\t\t<\/div>\n\t\t\t\t<\/div>\n\t\t<div class=\"elementor-element elementor-element-80384ff e-con-full e-flex e-con e-parent\" data-id=\"80384ff\" data-element_type=\"container\" data-settings=\"{&quot;position&quot;:&quot;fixed&quot;,&quot;animation_mobile&quot;:&quot;fadeInRight&quot;}\">\n\t\t\t\t<div class=\"elementor-element elementor-element-6568ae2 elementor-align-right elementor-mobile-align-right elementor-widget elementor-widget-button\" data-id=\"6568ae2\" data-element_type=\"widget\" data-widget_type=\"button.default\">\n\t\t\t\t<div class=\"elementor-widget-container\">\n\t\t\t\t\t<div class=\"elementor-button-wrapper\">\n\t\t\t<a class=\"elementor-button elementor-button-link elementor-size-sm\" href=\"https:\/\/www.pepinieres-duchesne.fr\">\n\t\t\t\t\t\t<span class=\"elementor-button-content-wrapper\">\n\t\t\t\t\t\t\t\t\t<span class=\"elementor-button-text\">CATALOGUE <BR>COMMANDE <BR>EN LIGNE<\/span>\n\t\t\t\t\t<\/span>\n\t\t\t\t\t<\/a>\n\t\t<\/div>\n\t\t\t\t<\/div>\n\t\t\t\t<\/div>\n\t\t\t\t<\/div>\n\t\t\t\t<\/div>\n\t\t","protected":false},"excerpt":{"rendered":"<p>GROUPE DUCHESNE HISTOIRE \u2022 1956 : Georges BOURGON s\u00e8me quelques kilos de graines d&rsquo;\u00e9pic\u00e9as et sapins pectin\u00e9s. C&rsquo;est le d\u00e9marrage d&rsquo;une p\u00e9pini\u00e8re foresti\u00e8re. \u2022 1967: Reprise de la p\u00e9pini\u00e8re sylvicole par Dominique DUCHESNE, gendre de Georges BOURGON. D\u00e9marrage d&rsquo;une p\u00e9pini\u00e8re g\u00e9n\u00e9rale : v\u00e9g\u00e9taux d&rsquo;ornement et fruitiers. \u2022 1968: Cr\u00e9ation d&rsquo;une activit\u00e9 d&rsquo;espaces verts paysage. Inscription [&hellip;]<\/p>\n","protected":false},"author":1,"featured_media":298,"parent":0,"menu_order":0,"comment_status":"closed","ping_status":"closed","template":"","meta":{"footnotes":""},"class_list":["post-532","page","type-page","status-publish","has-post-thumbnail","hentry"],"yoast_head":"<!-- This site is optimized with the Yoast SEO plugin v23.6 - https:\/\/yoast.com\/wordpress\/plugins\/seo\/ -->\n<title>Groupe Duchesne - Duchesne Jardins<\/title>\n<meta name=\"description\" content=\"Le Groupe Duchesne, une entreprise familiale d&#039;espaces verts en Franche-Comt\u00e9, vous accompagne depuis 1956 pour l&#039;am\u00e9nagement de vos jardins.\" \/>\n<meta name=\"robots\" content=\"noindex, follow, max-snippet:-1, max-image-preview:large, max-video-preview:-1\" \/>\n<meta property=\"og:locale\" content=\"fr_FR\" \/>\n<meta property=\"og:type\" content=\"article\" \/>\n<meta property=\"og:title\" content=\"Groupe Duchesne - Duchesne Jardins\" \/>\n<meta property=\"og:description\" content=\"Le Groupe Duchesne, une entreprise familiale d&#039;espaces verts en Franche-Comt\u00e9, vous accompagne depuis 1956 pour l&#039;am\u00e9nagement de vos jardins.\" \/>\n<meta property=\"og:url\" content=\"https:\/\/dev-werss.com\/?page_id=532\" \/>\n<meta property=\"og:site_name\" content=\"Duschene Jardins\" \/>\n<meta property=\"article:modified_time\" content=\"2024-10-19T14:36:36+00:00\" \/>\n<meta property=\"og:image\" content=\"https:\/\/dev-werss.com\/wp-content\/uploads\/2024\/10\/Duchesne-AMENAGEMENTS-3.webp\" \/>\n\t<meta property=\"og:image:width\" content=\"1072\" \/>\n\t<meta property=\"og:image:height\" content=\"752\" \/>\n\t<meta property=\"og:image:type\" content=\"image\/webp\" \/>\n<meta name=\"twitter:card\" content=\"summary_large_image\" \/>\n<meta name=\"twitter:label1\" content=\"Dur\u00e9e de lecture estim\u00e9e\" \/>\n\t<meta name=\"twitter:data1\" content=\"2 minutes\" \/>\n<script type=\"application\/ld+json\" class=\"yoast-schema-graph\">{\"@context\":\"https:\/\/schema.org\",\"@graph\":[{\"@type\":\"WebPage\",\"@id\":\"https:\/\/dev-werss.com\/?page_id=532\",\"url\":\"https:\/\/dev-werss.com\/?page_id=532\",\"name\":\"Groupe Duchesne - Duchesne Jardins\",\"isPartOf\":{\"@id\":\"https:\/\/dev-werss.com\/#website\"},\"primaryImageOfPage\":{\"@id\":\"https:\/\/dev-werss.com\/?page_id=532#primaryimage\"},\"image\":{\"@id\":\"https:\/\/dev-werss.com\/?page_id=532#primaryimage\"},\"thumbnailUrl\":\"https:\/\/dev-werss.com\/wp-content\/uploads\/2024\/10\/Duchesne-AMENAGEMENTS-3.webp\",\"datePublished\":\"2024-10-18T17:37:58+00:00\",\"dateModified\":\"2024-10-19T14:36:36+00:00\",\"description\":\"Le Groupe Duchesne, une entreprise familiale d'espaces verts en Franche-Comt\u00e9, vous accompagne depuis 1956 pour l'am\u00e9nagement de vos jardins.\",\"breadcrumb\":{\"@id\":\"https:\/\/dev-werss.com\/?page_id=532#breadcrumb\"},\"inLanguage\":\"fr-FR\",\"potentialAction\":[{\"@type\":\"ReadAction\",\"target\":[\"https:\/\/dev-werss.com\/?page_id=532\"]}]},{\"@type\":\"ImageObject\",\"inLanguage\":\"fr-FR\",\"@id\":\"https:\/\/dev-werss.com\/?page_id=532#primaryimage\",\"url\":\"https:\/\/dev-werss.com\/wp-content\/uploads\/2024\/10\/Duchesne-AMENAGEMENTS-3.webp\",\"contentUrl\":\"https:\/\/dev-werss.com\/wp-content\/uploads\/2024\/10\/Duchesne-AMENAGEMENTS-3.webp\",\"width\":1072,\"height\":752},{\"@type\":\"BreadcrumbList\",\"@id\":\"https:\/\/dev-werss.com\/?page_id=532#breadcrumb\",\"itemListElement\":[{\"@type\":\"ListItem\",\"position\":1,\"name\":\"Accueil\",\"item\":\"https:\/\/dev-werss.com\/\"},{\"@type\":\"ListItem\",\"position\":2,\"name\":\"Groupe Duchesne\"}]},{\"@type\":\"WebSite\",\"@id\":\"https:\/\/dev-werss.com\/#website\",\"url\":\"https:\/\/dev-werss.com\/\",\"name\":\"Duschene Jardins\",\"description\":\"\",\"potentialAction\":[{\"@type\":\"SearchAction\",\"target\":{\"@type\":\"EntryPoint\",\"urlTemplate\":\"https:\/\/dev-werss.com\/?s={search_term_string}\"},\"query-input\":{\"@type\":\"PropertyValueSpecification\",\"valueRequired\":true,\"valueName\":\"search_term_string\"}}],\"inLanguage\":\"fr-FR\"}]}<\/script>\n<!-- \/ Yoast SEO plugin. -->","yoast_head_json":{"title":"Groupe Duchesne - Duchesne Jardins","description":"Le Groupe Duchesne, une entreprise familiale d'espaces verts en Franche-Comt\u00e9, vous accompagne depuis 1956 pour l'am\u00e9nagement de vos jardins.","robots":{"index":"noindex","follow":"follow","max-snippet":"max-snippet:-1","max-image-preview":"max-image-preview:large","max-video-preview":"max-video-preview:-1"},"og_locale":"fr_FR","og_type":"article","og_title":"Groupe Duchesne - Duchesne Jardins","og_description":"Le Groupe Duchesne, une entreprise familiale d'espaces verts en Franche-Comt\u00e9, vous accompagne depuis 1956 pour l'am\u00e9nagement de vos jardins.","og_url":"https:\/\/dev-werss.com\/?page_id=532","og_site_name":"Duschene Jardins","article_modified_time":"2024-10-19T14:36:36+00:00","og_image":[{"width":1072,"height":752,"url":"https:\/\/dev-werss.com\/wp-content\/uploads\/2024\/10\/Duchesne-AMENAGEMENTS-3.webp","type":"image\/webp"}],"twitter_card":"summary_large_image","twitter_misc":{"Dur\u00e9e de lecture estim\u00e9e":"2 minutes"},"schema":{"@context":"https:\/\/schema.org","@graph":[{"@type":"WebPage","@id":"https:\/\/dev-werss.com\/?page_id=532","url":"https:\/\/dev-werss.com\/?page_id=532","name":"Groupe Duchesne - Duchesne Jardins","isPartOf":{"@id":"https:\/\/dev-werss.com\/#website"},"primaryImageOfPage":{"@id":"https:\/\/dev-werss.com\/?page_id=532#primaryimage"},"image":{"@id":"https:\/\/dev-werss.com\/?page_id=532#primaryimage"},"thumbnailUrl":"https:\/\/dev-werss.com\/wp-content\/uploads\/2024\/10\/Duchesne-AMENAGEMENTS-3.webp","datePublished":"2024-10-18T17:37:58+00:00","dateModified":"2024-10-19T14:36:36+00:00","description":"Le Groupe Duchesne, une entreprise familiale d'espaces verts en Franche-Comt\u00e9, vous accompagne depuis 1956 pour l'am\u00e9nagement de vos jardins.","breadcrumb":{"@id":"https:\/\/dev-werss.com\/?page_id=532#breadcrumb"},"inLanguage":"fr-FR","potentialAction":[{"@type":"ReadAction","target":["https:\/\/dev-werss.com\/?page_id=532"]}]},{"@type":"ImageObject","inLanguage":"fr-FR","@id":"https:\/\/dev-werss.com\/?page_id=532#primaryimage","url":"https:\/\/dev-werss.com\/wp-content\/uploads\/2024\/10\/Duchesne-AMENAGEMENTS-3.webp","contentUrl":"https:\/\/dev-werss.com\/wp-content\/uploads\/2024\/10\/Duchesne-AMENAGEMENTS-3.webp","width":1072,"height":752},{"@type":"BreadcrumbList","@id":"https:\/\/dev-werss.com\/?page_id=532#breadcrumb","itemListElement":[{"@type":"ListItem","position":1,"name":"Accueil","item":"https:\/\/dev-werss.com\/"},{"@type":"ListItem","position":2,"name":"Groupe Duchesne"}]},{"@type":"WebSite","@id":"https:\/\/dev-werss.com\/#website","url":"https:\/\/dev-werss.com\/","name":"Duschene Jardins","description":"","potentialAction":[{"@type":"SearchAction","target":{"@type":"EntryPoint","urlTemplate":"https:\/\/dev-werss.com\/?s={search_term_string}"},"query-input":{"@type":"PropertyValueSpecification","valueRequired":true,"valueName":"search_term_string"}}],"inLanguage":"fr-FR"}]}},"_links":{"self":[{"href":"https:\/\/dev-werss.com\/index.php?rest_route=\/wp\/v2\/pages\/532"}],"collection":[{"href":"https:\/\/dev-werss.com\/index.php?rest_route=\/wp\/v2\/pages"}],"about":[{"href":"https:\/\/dev-werss.com\/index.php?rest_route=\/wp\/v2\/types\/page"}],"author":[{"embeddable":true,"href":"https:\/\/dev-werss.com\/index.php?rest_route=\/wp\/v2\/users\/1"}],"replies":[{"embeddable":true,"href":"https:\/\/dev-werss.com\/index.php?rest_route=%2Fwp%2Fv2%2Fcomments&post=532"}],"version-history":[{"count":26,"href":"https:\/\/dev-werss.com\/index.php?rest_route=\/wp\/v2\/pages\/532\/revisions"}],"predecessor-version":[{"id":1372,"href":"https:\/\/dev-werss.com\/index.php?rest_route=\/wp\/v2\/pages\/532\/revisions\/1372"}],"wp:featuredmedia":[{"embeddable":true,"href":"https:\/\/dev-werss.com\/index.php?rest_route=\/wp\/v2\/media\/298"}],"wp:attachment":[{"href":"https:\/\/dev-werss.com\/index.php?rest_route=%2Fwp%2Fv2%2Fmedia&parent=532"}],"curies":[{"name":"wp","href":"https:\/\/api.w.org\/{rel}","templated":true}]}}