{"id":547,"date":"2024-10-18T19:43:52","date_gmt":"2024-10-18T17:43:52","guid":{"rendered":"https:\/\/dev-werss.com\/?page_id=547"},"modified":"2024-10-19T16:29:01","modified_gmt":"2024-10-19T14:29:01","slug":"engagements","status":"publish","type":"page","link":"https:\/\/dev-werss.com\/?page_id=547","title":{"rendered":"Engagements"},"content":{"rendered":"\t\t<div data-elementor-type=\"wp-page\" data-elementor-id=\"547\" class=\"elementor elementor-547\" data-elementor-post-type=\"page\">\n\t\t\t\t<div class=\"elementor-element elementor-element-d3e66e1 e-flex e-con-boxed elementor-invisible e-con e-parent\" data-id=\"d3e66e1\" data-element_type=\"container\" data-settings=\"{&quot;background_background&quot;:&quot;classic&quot;,&quot;animation&quot;:&quot;fadeInDown&quot;}\">\n\t\t\t\t\t<div class=\"e-con-inner\">\n\t\t<div class=\"elementor-element elementor-element-c18e92a e-con-full e-flex e-con e-child\" data-id=\"c18e92a\" data-element_type=\"container\" data-settings=\"{&quot;background_background&quot;:&quot;classic&quot;}\">\n\t\t\t\t<div class=\"elementor-element elementor-element-77ed67c elementor-widget elementor-widget-spacer\" data-id=\"77ed67c\" data-element_type=\"widget\" data-widget_type=\"spacer.default\">\n\t\t\t\t<div class=\"elementor-widget-container\">\n\t\t\t\t\t<div class=\"elementor-spacer\">\n\t\t\t<div class=\"elementor-spacer-inner\"><\/div>\n\t\t<\/div>\n\t\t\t\t<\/div>\n\t\t\t\t<\/div>\n\t\t\t\t<div class=\"elementor-element elementor-element-7d238d4 elementor-align-center elementor-widget elementor-widget-button\" data-id=\"7d238d4\" data-element_type=\"widget\" data-widget_type=\"button.default\">\n\t\t\t\t<div class=\"elementor-widget-container\">\n\t\t\t\t\t<div class=\"elementor-button-wrapper\">\n\t\t\t<a class=\"elementor-button elementor-button-link elementor-size-sm\" href=\"#\">\n\t\t\t\t\t\t<span class=\"elementor-button-content-wrapper\">\n\t\t\t\t\t\t\t\t\t<span class=\"elementor-button-text\">Engagements<\/span>\n\t\t\t\t\t<\/span>\n\t\t\t\t\t<\/a>\n\t\t<\/div>\n\t\t\t\t<\/div>\n\t\t\t\t<\/div>\n\t\t\t\t<div class=\"elementor-element elementor-element-27a9a33 elementor-widget elementor-widget-spacer\" data-id=\"27a9a33\" data-element_type=\"widget\" data-widget_type=\"spacer.default\">\n\t\t\t\t<div class=\"elementor-widget-container\">\n\t\t\t\t\t<div class=\"elementor-spacer\">\n\t\t\t<div class=\"elementor-spacer-inner\"><\/div>\n\t\t<\/div>\n\t\t\t\t<\/div>\n\t\t\t\t<\/div>\n\t\t\t\t<\/div>\n\t\t\t\t\t<\/div>\n\t\t\t\t<\/div>\n\t\t<div class=\"elementor-element elementor-element-8ecb6b1 e-con-full e-flex e-con e-parent\" data-id=\"8ecb6b1\" data-element_type=\"container\" data-settings=\"{&quot;position&quot;:&quot;fixed&quot;,&quot;animation_mobile&quot;:&quot;fadeInRight&quot;}\">\n\t\t\t\t<div class=\"elementor-element elementor-element-2bc65a0 elementor-align-right elementor-mobile-align-right elementor-widget elementor-widget-button\" data-id=\"2bc65a0\" data-element_type=\"widget\" data-widget_type=\"button.default\">\n\t\t\t\t<div class=\"elementor-widget-container\">\n\t\t\t\t\t<div class=\"elementor-button-wrapper\">\n\t\t\t<a class=\"elementor-button elementor-button-link elementor-size-sm\" href=\"https:\/\/www.pepinieres-duchesne.fr\">\n\t\t\t\t\t\t<span class=\"elementor-button-content-wrapper\">\n\t\t\t\t\t\t\t\t\t<span class=\"elementor-button-text\">CATALOGUE <BR>COMMANDE <BR>EN LIGNE<\/span>\n\t\t\t\t\t<\/span>\n\t\t\t\t\t<\/a>\n\t\t<\/div>\n\t\t\t\t<\/div>\n\t\t\t\t<\/div>\n\t\t\t\t<\/div>\n\t\t<div class=\"elementor-element elementor-element-c632ad8 e-flex e-con-boxed elementor-invisible e-con e-parent\" data-id=\"c632ad8\" data-element_type=\"container\" data-settings=\"{&quot;animation&quot;:&quot;fadeInDown&quot;}\">\n\t\t\t\t\t<div class=\"e-con-inner\">\n\t\t<div class=\"elementor-element elementor-element-11fa837 e-con-full e-flex e-con e-child\" data-id=\"11fa837\" data-element_type=\"container\">\n\t\t\t\t<div class=\"elementor-element elementor-element-42ba0a0 elementor-widget elementor-widget-heading\" data-id=\"42ba0a0\" data-element_type=\"widget\" data-widget_type=\"heading.default\">\n\t\t\t\t<div class=\"elementor-widget-container\">\n\t\t\t<h2 class=\"elementor-heading-title elementor-size-default\">Duchesne s'engage<\/h2>\t\t<\/div>\n\t\t\t\t<\/div>\n\t\t\t\t<div class=\"elementor-element elementor-element-d0a8212 elementor-widget elementor-widget-text-editor\" data-id=\"d0a8212\" data-element_type=\"widget\" data-widget_type=\"text-editor.default\">\n\t\t\t\t<div class=\"elementor-widget-container\">\n\t\t\t\t\t\t\tLes p\u00e9pini\u00e8res Duchesne s&rsquo;engagent pour l&rsquo;environnement sur plusieurs volets :\nDepuis 2021, une premi\u00e8re unit\u00e9 photovolta\u00efque de 100 kWh a \u00e9t\u00e9 install\u00e9 sur le toit des hangars 1 et 2.\n<br>\n<br>Cette ann\u00e9e, la construction d&rsquo;un nouveau b\u00e2timent d&rsquo;exploitation permettra l&rsquo;installation d&rsquo;une deuxi\u00e8me centrale de 125 kWh.\nNous avons \u00e9galement supprim\u00e9 l&rsquo;utilisation des produits phytosanitaires dans les soins des espaces v\u00e9g\u00e9talis\u00e9s et mise en place d&rsquo;une gestion raisonn\u00e9e (Jardin naturel, tonte diff\u00e9renci\u00e9e)\t\t\t\t\t\t<\/div>\n\t\t\t\t<\/div>\n\t\t\t\t<\/div>\n\t\t\t\t\t<\/div>\n\t\t\t\t<\/div>\n\t\t<div class=\"elementor-element elementor-element-963aed2 e-flex e-con-boxed e-con e-parent\" data-id=\"963aed2\" data-element_type=\"container\">\n\t\t\t\t\t<div class=\"e-con-inner\">\n\t\t<div class=\"elementor-element elementor-element-31e053c e-con-full e-flex e-con e-child\" data-id=\"31e053c\" data-element_type=\"container\">\n\t\t\t\t<div class=\"elementor-element elementor-element-193d8af elementor-widget elementor-widget-image\" data-id=\"193d8af\" data-element_type=\"widget\" data-widget_type=\"image.default\">\n\t\t\t\t<div class=\"elementor-widget-container\">\n\t\t\t\t\t\t\t\t\t\t\t\t\t<img fetchpriority=\"high\" decoding=\"async\" width=\"800\" height=\"561\" src=\"https:\/\/dev-werss.com\/wp-content\/uploads\/2024\/10\/Duchesne-PEPINIERES-15-1024x718.webp\" class=\"attachment-large size-large wp-image-892\" alt=\"\" srcset=\"https:\/\/dev-werss.com\/wp-content\/uploads\/2024\/10\/Duchesne-PEPINIERES-15-1024x718.webp 1024w, https:\/\/dev-werss.com\/wp-content\/uploads\/2024\/10\/Duchesne-PEPINIERES-15-300x210.webp 300w, https:\/\/dev-werss.com\/wp-content\/uploads\/2024\/10\/Duchesne-PEPINIERES-15-768x539.webp 768w, https:\/\/dev-werss.com\/wp-content\/uploads\/2024\/10\/Duchesne-PEPINIERES-15.webp 1072w\" sizes=\"(max-width: 800px) 100vw, 800px\" \/>\t\t\t\t\t\t\t\t\t\t\t\t\t<\/div>\n\t\t\t\t<\/div>\n\t\t\t\t<div class=\"elementor-element elementor-element-2fc0245 elementor-widget elementor-widget-text-editor\" data-id=\"2fc0245\" data-element_type=\"widget\" data-widget_type=\"text-editor.default\">\n\t\t\t\t<div class=\"elementor-widget-container\">\n\t\t\t\t\t\t\tGr\u00e2ce \u00e0 l&rsquo;initiative France Relance, les p\u00e9pini\u00e8res Duchesne ont pu se doter d&rsquo;un bassin d&rsquo;eau de source, permettant d&rsquo;arroser toute la p\u00e9pini\u00e8re hors sol.\t\t\t\t\t\t<\/div>\n\t\t\t\t<\/div>\n\t\t\t\t<\/div>\n\t\t<div class=\"elementor-element elementor-element-20bcffd e-con-full e-flex e-con e-child\" data-id=\"20bcffd\" data-element_type=\"container\">\n\t\t\t\t<div class=\"elementor-element elementor-element-272d88a elementor-widget elementor-widget-image\" data-id=\"272d88a\" data-element_type=\"widget\" data-widget_type=\"image.default\">\n\t\t\t\t<div class=\"elementor-widget-container\">\n\t\t\t\t\t\t\t\t\t\t\t\t\t<img decoding=\"async\" width=\"800\" height=\"512\" src=\"https:\/\/dev-werss.com\/wp-content\/uploads\/2024\/10\/Duchesne-HOME-1.png\" class=\"attachment-large size-large wp-image-699\" alt=\"\" srcset=\"https:\/\/dev-werss.com\/wp-content\/uploads\/2024\/10\/Duchesne-HOME-1.png 922w, https:\/\/dev-werss.com\/wp-content\/uploads\/2024\/10\/Duchesne-HOME-1-300x192.png 300w, https:\/\/dev-werss.com\/wp-content\/uploads\/2024\/10\/Duchesne-HOME-1-768x491.png 768w\" sizes=\"(max-width: 800px) 100vw, 800px\" \/>\t\t\t\t\t\t\t\t\t\t\t\t\t<\/div>\n\t\t\t\t<\/div>\n\t\t\t\t<div class=\"elementor-element elementor-element-c935453 elementor-widget elementor-widget-text-editor\" data-id=\"c935453\" data-element_type=\"widget\" data-widget_type=\"text-editor.default\">\n\t\t\t\t<div class=\"elementor-widget-container\">\n\t\t\t\t\t\t\tDe plus, pendant l&rsquo;\u00e9t\u00e9, les plants en conteneurs sont install\u00e9s sur des aires pour \u00eatre arros\u00e9s au goutte-\u00e0-goutte, une technique d&rsquo;arrosage \u00e9cologique.\t\t\t\t\t\t<\/div>\n\t\t\t\t<\/div>\n\t\t\t\t<\/div>\n\t\t<div class=\"elementor-element elementor-element-7b1222b e-con-full e-flex e-con e-child\" data-id=\"7b1222b\" data-element_type=\"container\">\n\t\t\t\t<div class=\"elementor-element elementor-element-44c9501 elementor-widget elementor-widget-image\" data-id=\"44c9501\" data-element_type=\"widget\" data-widget_type=\"image.default\">\n\t\t\t\t<div class=\"elementor-widget-container\">\n\t\t\t\t\t\t\t\t\t\t\t\t\t<img decoding=\"async\" width=\"800\" height=\"533\" src=\"https:\/\/dev-werss.com\/wp-content\/uploads\/2024\/10\/PEPINIERES-DUCHESNE-8.webp\" class=\"attachment-large size-large wp-image-726\" alt=\"\" srcset=\"https:\/\/dev-werss.com\/wp-content\/uploads\/2024\/10\/PEPINIERES-DUCHESNE-8.webp 960w, https:\/\/dev-werss.com\/wp-content\/uploads\/2024\/10\/PEPINIERES-DUCHESNE-8-300x200.webp 300w, https:\/\/dev-werss.com\/wp-content\/uploads\/2024\/10\/PEPINIERES-DUCHESNE-8-768x512.webp 768w\" sizes=\"(max-width: 800px) 100vw, 800px\" \/>\t\t\t\t\t\t\t\t\t\t\t\t\t<\/div>\n\t\t\t\t<\/div>\n\t\t\t\t<div class=\"elementor-element elementor-element-4a526c3 elementor-widget elementor-widget-text-editor\" data-id=\"4a526c3\" data-element_type=\"widget\" data-widget_type=\"text-editor.default\">\n\t\t\t\t<div class=\"elementor-widget-container\">\n\t\t\t\t\t\t\tEn 2024, les p\u00e9pini\u00e8res Duchesne ont mis en place le recyclage des pots. En effet, les pots en plastique, souvent encore en bon \u00e9tat, peuvent \u00eatre r\u00e9utilis\u00e9s. Ils sont r\u00e9cup\u00e9r\u00e9s sous conditions, \u00e0 voir directement par t\u00e9l\u00e9phone ou \u00e0 l&rsquo;accueil de la p\u00e9pini\u00e8re.\t\t\t\t\t\t<\/div>\n\t\t\t\t<\/div>\n\t\t\t\t<\/div>\n\t\t<div class=\"elementor-element elementor-element-db64f1f e-con-full e-flex e-con e-child\" data-id=\"db64f1f\" data-element_type=\"container\">\n\t\t\t\t<div class=\"elementor-element elementor-element-e8e7ed4 elementor-widget elementor-widget-image\" data-id=\"e8e7ed4\" data-element_type=\"widget\" data-widget_type=\"image.default\">\n\t\t\t\t<div class=\"elementor-widget-container\">\n\t\t\t\t\t\t\t\t\t\t\t\t\t<img loading=\"lazy\" decoding=\"async\" width=\"800\" height=\"534\" src=\"https:\/\/dev-werss.com\/wp-content\/uploads\/2024\/10\/Duchesne-phototheque-2022-Basse-def-Yoan-Jeudy-241-1024x683.webp\" class=\"attachment-large size-large wp-image-325\" alt=\"\" srcset=\"https:\/\/dev-werss.com\/wp-content\/uploads\/2024\/10\/Duchesne-phototheque-2022-Basse-def-Yoan-Jeudy-241-1024x683.webp 1024w, https:\/\/dev-werss.com\/wp-content\/uploads\/2024\/10\/Duchesne-phototheque-2022-Basse-def-Yoan-Jeudy-241-300x200.webp 300w, https:\/\/dev-werss.com\/wp-content\/uploads\/2024\/10\/Duchesne-phototheque-2022-Basse-def-Yoan-Jeudy-241-768x512.webp 768w, https:\/\/dev-werss.com\/wp-content\/uploads\/2024\/10\/Duchesne-phototheque-2022-Basse-def-Yoan-Jeudy-241.webp 1276w\" sizes=\"(max-width: 800px) 100vw, 800px\" \/>\t\t\t\t\t\t\t\t\t\t\t\t\t<\/div>\n\t\t\t\t<\/div>\n\t\t\t\t<div class=\"elementor-element elementor-element-056dc5e elementor-widget elementor-widget-text-editor\" data-id=\"056dc5e\" data-element_type=\"widget\" data-widget_type=\"text-editor.default\">\n\t\t\t\t<div class=\"elementor-widget-container\">\n\t\t\t\t\t\t\tLe service soins des jardins c&rsquo;est engag\u00e9 \u00e0 supprimer les produits phytosanitaires dans le soin des espaces v\u00e9g\u00e9talis\u00e9s et mise en place d&rsquo;une gestion raisonn\u00e9e avec la cr\u00e9ation de jardin naturel, d&rsquo;une tonte diff\u00e9renci\u00e9e.\t\t\t\t\t\t<\/div>\n\t\t\t\t<\/div>\n\t\t\t\t<\/div>\n\t\t\t\t\t<\/div>\n\t\t\t\t<\/div>\n\t\t<div class=\"elementor-element elementor-element-e16f966 e-flex e-con-boxed elementor-invisible e-con e-parent\" data-id=\"e16f966\" data-element_type=\"container\" data-settings=\"{&quot;background_background&quot;:&quot;classic&quot;,&quot;animation&quot;:&quot;fadeIn&quot;}\">\n\t\t\t\t\t<div class=\"e-con-inner\">\n\t\t<div class=\"elementor-element elementor-element-2bdf589 e-con-full e-flex e-con e-child\" data-id=\"2bdf589\" data-element_type=\"container\" data-settings=\"{&quot;background_background&quot;:&quot;classic&quot;}\">\n\t\t\t\t<div class=\"elementor-element elementor-element-edd9e09 elementor-widget elementor-widget-spacer\" data-id=\"edd9e09\" data-element_type=\"widget\" data-widget_type=\"spacer.default\">\n\t\t\t\t<div class=\"elementor-widget-container\">\n\t\t\t\t\t<div class=\"elementor-spacer\">\n\t\t\t<div class=\"elementor-spacer-inner\"><\/div>\n\t\t<\/div>\n\t\t\t\t<\/div>\n\t\t\t\t<\/div>\n\t\t\t\t<div class=\"elementor-element elementor-element-7a00ec0 elementor-align-center elementor-widget elementor-widget-button\" data-id=\"7a00ec0\" data-element_type=\"widget\" data-widget_type=\"button.default\">\n\t\t\t\t<div class=\"elementor-widget-container\">\n\t\t\t\t\t<div class=\"elementor-button-wrapper\">\n\t\t\t<a class=\"elementor-button elementor-button-link elementor-size-sm\" href=\"https:\/\/dev-werss.com\/?page_id=297\">\n\t\t\t\t\t\t<span class=\"elementor-button-content-wrapper\">\n\t\t\t\t\t\t\t\t\t<span class=\"elementor-button-text\">VOUS AVEZ UN PROJET ?<\/span>\n\t\t\t\t\t<\/span>\n\t\t\t\t\t<\/a>\n\t\t<\/div>\n\t\t\t\t<\/div>\n\t\t\t\t<\/div>\n\t\t\t\t<div class=\"elementor-element elementor-element-4114854 elementor-widget elementor-widget-spacer\" data-id=\"4114854\" data-element_type=\"widget\" data-widget_type=\"spacer.default\">\n\t\t\t\t<div class=\"elementor-widget-container\">\n\t\t\t\t\t<div class=\"elementor-spacer\">\n\t\t\t<div class=\"elementor-spacer-inner\"><\/div>\n\t\t<\/div>\n\t\t\t\t<\/div>\n\t\t\t\t<\/div>\n\t\t\t\t<\/div>\n\t\t\t\t\t<\/div>\n\t\t\t\t<\/div>\n\t\t\t\t<\/div>\n\t\t","protected":false},"excerpt":{"rendered":"<p>CATALOGUE COMMANDE EN LIGNE Duchesne s&rsquo;engage Les p\u00e9pini\u00e8res Duchesne s&rsquo;engagent pour l&rsquo;environnement sur plusieurs volets : Depuis 2021, une premi\u00e8re unit\u00e9 photovolta\u00efque de 100 kWh a \u00e9t\u00e9 install\u00e9 sur le toit des hangars 1 et 2. Cette ann\u00e9e, la construction d&rsquo;un nouveau b\u00e2timent d&rsquo;exploitation permettra l&rsquo;installation d&rsquo;une deuxi\u00e8me centrale de 125 kWh. Nous avons \u00e9galement [&hellip;]<\/p>\n","protected":false},"author":1,"featured_media":899,"parent":0,"menu_order":0,"comment_status":"closed","ping_status":"closed","template":"","meta":{"footnotes":""},"class_list":["post-547","page","type-page","status-publish","has-post-thumbnail","hentry"],"yoast_head":"<!-- This site is optimized with the Yoast SEO plugin v23.6 - https:\/\/yoast.com\/wordpress\/plugins\/seo\/ -->\n<title>Engagements | Duchesne Jardins<\/title>\n<meta name=\"description\" content=\"Duchesne Jardins s&#039;engage pour l&#039;environnement : suppression des produits phytosanitaires, arrosage \u00e9cologique et recyclage des pots.\" \/>\n<meta name=\"robots\" content=\"noindex, follow, max-snippet:-1, max-image-preview:large, max-video-preview:-1\" \/>\n<meta property=\"og:locale\" content=\"fr_FR\" \/>\n<meta property=\"og:type\" content=\"article\" \/>\n<meta property=\"og:title\" content=\"Engagements | Duchesne Jardins\" \/>\n<meta property=\"og:description\" content=\"Duchesne Jardins s&#039;engage pour l&#039;environnement : suppression des produits phytosanitaires, arrosage \u00e9cologique et recyclage des pots.\" \/>\n<meta property=\"og:url\" content=\"https:\/\/dev-werss.com\/?page_id=547\" \/>\n<meta property=\"og:site_name\" content=\"Duschene Jardins\" \/>\n<meta property=\"article:modified_time\" content=\"2024-10-19T14:29:01+00:00\" \/>\n<meta property=\"og:image\" content=\"https:\/\/dev-werss.com\/wp-content\/uploads\/2024\/10\/duschene-shoot1-24-sur-231-1024x718.jpg\" \/>\n\t<meta property=\"og:image:width\" content=\"1024\" \/>\n\t<meta property=\"og:image:height\" content=\"718\" \/>\n\t<meta property=\"og:image:type\" content=\"image\/jpeg\" \/>\n<meta name=\"twitter:card\" content=\"summary_large_image\" \/>\n<meta name=\"twitter:label1\" content=\"Dur\u00e9e de lecture estim\u00e9e\" \/>\n\t<meta name=\"twitter:data1\" content=\"3 minutes\" \/>\n<script type=\"application\/ld+json\" class=\"yoast-schema-graph\">{\"@context\":\"https:\/\/schema.org\",\"@graph\":[{\"@type\":\"WebPage\",\"@id\":\"https:\/\/dev-werss.com\/?page_id=547\",\"url\":\"https:\/\/dev-werss.com\/?page_id=547\",\"name\":\"Engagements | Duchesne Jardins\",\"isPartOf\":{\"@id\":\"https:\/\/dev-werss.com\/#website\"},\"primaryImageOfPage\":{\"@id\":\"https:\/\/dev-werss.com\/?page_id=547#primaryimage\"},\"image\":{\"@id\":\"https:\/\/dev-werss.com\/?page_id=547#primaryimage\"},\"thumbnailUrl\":\"https:\/\/dev-werss.com\/wp-content\/uploads\/2024\/10\/duschene-shoot1-24-sur-231.jpg\",\"datePublished\":\"2024-10-18T17:43:52+00:00\",\"dateModified\":\"2024-10-19T14:29:01+00:00\",\"description\":\"Duchesne Jardins s'engage pour l'environnement : suppression des produits phytosanitaires, arrosage \u00e9cologique et recyclage des pots.\",\"breadcrumb\":{\"@id\":\"https:\/\/dev-werss.com\/?page_id=547#breadcrumb\"},\"inLanguage\":\"fr-FR\",\"potentialAction\":[{\"@type\":\"ReadAction\",\"target\":[\"https:\/\/dev-werss.com\/?page_id=547\"]}]},{\"@type\":\"ImageObject\",\"inLanguage\":\"fr-FR\",\"@id\":\"https:\/\/dev-werss.com\/?page_id=547#primaryimage\",\"url\":\"https:\/\/dev-werss.com\/wp-content\/uploads\/2024\/10\/duschene-shoot1-24-sur-231.jpg\",\"contentUrl\":\"https:\/\/dev-werss.com\/wp-content\/uploads\/2024\/10\/duschene-shoot1-24-sur-231.jpg\",\"width\":2144,\"height\":1504},{\"@type\":\"BreadcrumbList\",\"@id\":\"https:\/\/dev-werss.com\/?page_id=547#breadcrumb\",\"itemListElement\":[{\"@type\":\"ListItem\",\"position\":1,\"name\":\"Accueil\",\"item\":\"https:\/\/dev-werss.com\/\"},{\"@type\":\"ListItem\",\"position\":2,\"name\":\"Engagements\"}]},{\"@type\":\"WebSite\",\"@id\":\"https:\/\/dev-werss.com\/#website\",\"url\":\"https:\/\/dev-werss.com\/\",\"name\":\"Duschene Jardins\",\"description\":\"\",\"potentialAction\":[{\"@type\":\"SearchAction\",\"target\":{\"@type\":\"EntryPoint\",\"urlTemplate\":\"https:\/\/dev-werss.com\/?s={search_term_string}\"},\"query-input\":{\"@type\":\"PropertyValueSpecification\",\"valueRequired\":true,\"valueName\":\"search_term_string\"}}],\"inLanguage\":\"fr-FR\"}]}<\/script>\n<!-- \/ Yoast SEO plugin. -->","yoast_head_json":{"title":"Engagements | Duchesne Jardins","description":"Duchesne Jardins s'engage pour l'environnement : suppression des produits phytosanitaires, arrosage \u00e9cologique et recyclage des pots.","robots":{"index":"noindex","follow":"follow","max-snippet":"max-snippet:-1","max-image-preview":"max-image-preview:large","max-video-preview":"max-video-preview:-1"},"og_locale":"fr_FR","og_type":"article","og_title":"Engagements | Duchesne Jardins","og_description":"Duchesne Jardins s'engage pour l'environnement : suppression des produits phytosanitaires, arrosage \u00e9cologique et recyclage des pots.","og_url":"https:\/\/dev-werss.com\/?page_id=547","og_site_name":"Duschene Jardins","article_modified_time":"2024-10-19T14:29:01+00:00","og_image":[{"width":1024,"height":718,"url":"https:\/\/dev-werss.com\/wp-content\/uploads\/2024\/10\/duschene-shoot1-24-sur-231-1024x718.jpg","type":"image\/jpeg"}],"twitter_card":"summary_large_image","twitter_misc":{"Dur\u00e9e de lecture estim\u00e9e":"3 minutes"},"schema":{"@context":"https:\/\/schema.org","@graph":[{"@type":"WebPage","@id":"https:\/\/dev-werss.com\/?page_id=547","url":"https:\/\/dev-werss.com\/?page_id=547","name":"Engagements | Duchesne Jardins","isPartOf":{"@id":"https:\/\/dev-werss.com\/#website"},"primaryImageOfPage":{"@id":"https:\/\/dev-werss.com\/?page_id=547#primaryimage"},"image":{"@id":"https:\/\/dev-werss.com\/?page_id=547#primaryimage"},"thumbnailUrl":"https:\/\/dev-werss.com\/wp-content\/uploads\/2024\/10\/duschene-shoot1-24-sur-231.jpg","datePublished":"2024-10-18T17:43:52+00:00","dateModified":"2024-10-19T14:29:01+00:00","description":"Duchesne Jardins s'engage pour l'environnement : suppression des produits phytosanitaires, arrosage \u00e9cologique et recyclage des pots.","breadcrumb":{"@id":"https:\/\/dev-werss.com\/?page_id=547#breadcrumb"},"inLanguage":"fr-FR","potentialAction":[{"@type":"ReadAction","target":["https:\/\/dev-werss.com\/?page_id=547"]}]},{"@type":"ImageObject","inLanguage":"fr-FR","@id":"https:\/\/dev-werss.com\/?page_id=547#primaryimage","url":"https:\/\/dev-werss.com\/wp-content\/uploads\/2024\/10\/duschene-shoot1-24-sur-231.jpg","contentUrl":"https:\/\/dev-werss.com\/wp-content\/uploads\/2024\/10\/duschene-shoot1-24-sur-231.jpg","width":2144,"height":1504},{"@type":"BreadcrumbList","@id":"https:\/\/dev-werss.com\/?page_id=547#breadcrumb","itemListElement":[{"@type":"ListItem","position":1,"name":"Accueil","item":"https:\/\/dev-werss.com\/"},{"@type":"ListItem","position":2,"name":"Engagements"}]},{"@type":"WebSite","@id":"https:\/\/dev-werss.com\/#website","url":"https:\/\/dev-werss.com\/","name":"Duschene Jardins","description":"","potentialAction":[{"@type":"SearchAction","target":{"@type":"EntryPoint","urlTemplate":"https:\/\/dev-werss.com\/?s={search_term_string}"},"query-input":{"@type":"PropertyValueSpecification","valueRequired":true,"valueName":"search_term_string"}}],"inLanguage":"fr-FR"}]}},"_links":{"self":[{"href":"https:\/\/dev-werss.com\/index.php?rest_route=\/wp\/v2\/pages\/547"}],"collection":[{"href":"https:\/\/dev-werss.com\/index.php?rest_route=\/wp\/v2\/pages"}],"about":[{"href":"https:\/\/dev-werss.com\/index.php?rest_route=\/wp\/v2\/types\/page"}],"author":[{"embeddable":true,"href":"https:\/\/dev-werss.com\/index.php?rest_route=\/wp\/v2\/users\/1"}],"replies":[{"embeddable":true,"href":"https:\/\/dev-werss.com\/index.php?rest_route=%2Fwp%2Fv2%2Fcomments&post=547"}],"version-history":[{"count":34,"href":"https:\/\/dev-werss.com\/index.php?rest_route=\/wp\/v2\/pages\/547\/revisions"}],"predecessor-version":[{"id":1359,"href":"https:\/\/dev-werss.com\/index.php?rest_route=\/wp\/v2\/pages\/547\/revisions\/1359"}],"wp:featuredmedia":[{"embeddable":true,"href":"https:\/\/dev-werss.com\/index.php?rest_route=\/wp\/v2\/media\/899"}],"wp:attachment":[{"href":"https:\/\/dev-werss.com\/index.php?rest_route=%2Fwp%2Fv2%2Fmedia&parent=547"}],"curies":[{"name":"wp","href":"https:\/\/api.w.org\/{rel}","templated":true}]}}