{"id":634,"date":"2024-10-18T22:18:58","date_gmt":"2024-10-18T20:18:58","guid":{"rendered":"https:\/\/dev-werss.com\/?page_id=634"},"modified":"2024-10-19T16:35:49","modified_gmt":"2024-10-19T14:35:49","slug":"promotions","status":"publish","type":"page","link":"https:\/\/dev-werss.com\/?page_id=634","title":{"rendered":"Promotions"},"content":{"rendered":"\t\t<div data-elementor-type=\"wp-page\" data-elementor-id=\"634\" class=\"elementor elementor-634\" data-elementor-post-type=\"page\">\n\t\t\t\t<div class=\"elementor-element elementor-element-e4241e8 e-flex e-con-boxed elementor-invisible e-con e-parent\" data-id=\"e4241e8\" data-element_type=\"container\" data-settings=\"{&quot;background_background&quot;:&quot;classic&quot;,&quot;animation&quot;:&quot;fadeInDown&quot;}\">\n\t\t\t\t\t<div class=\"e-con-inner\">\n\t\t<div class=\"elementor-element elementor-element-0b40bba e-con-full e-flex e-con e-child\" data-id=\"0b40bba\" data-element_type=\"container\" data-settings=\"{&quot;background_background&quot;:&quot;classic&quot;}\">\n\t\t\t\t<div class=\"elementor-element elementor-element-4dc6317 elementor-widget elementor-widget-spacer\" data-id=\"4dc6317\" data-element_type=\"widget\" data-widget_type=\"spacer.default\">\n\t\t\t\t<div class=\"elementor-widget-container\">\n\t\t\t\t\t<div class=\"elementor-spacer\">\n\t\t\t<div class=\"elementor-spacer-inner\"><\/div>\n\t\t<\/div>\n\t\t\t\t<\/div>\n\t\t\t\t<\/div>\n\t\t\t\t<div class=\"elementor-element elementor-element-dede6e0 elementor-align-center elementor-widget elementor-widget-button\" data-id=\"dede6e0\" data-element_type=\"widget\" data-widget_type=\"button.default\">\n\t\t\t\t<div class=\"elementor-widget-container\">\n\t\t\t\t\t<div class=\"elementor-button-wrapper\">\n\t\t\t<a class=\"elementor-button elementor-button-link elementor-size-sm\" href=\"#\">\n\t\t\t\t\t\t<span class=\"elementor-button-content-wrapper\">\n\t\t\t\t\t\t\t\t\t<span class=\"elementor-button-text\">Promotions<\/span>\n\t\t\t\t\t<\/span>\n\t\t\t\t\t<\/a>\n\t\t<\/div>\n\t\t\t\t<\/div>\n\t\t\t\t<\/div>\n\t\t\t\t<div class=\"elementor-element elementor-element-cb84f9a elementor-widget elementor-widget-spacer\" data-id=\"cb84f9a\" data-element_type=\"widget\" data-widget_type=\"spacer.default\">\n\t\t\t\t<div class=\"elementor-widget-container\">\n\t\t\t\t\t<div class=\"elementor-spacer\">\n\t\t\t<div class=\"elementor-spacer-inner\"><\/div>\n\t\t<\/div>\n\t\t\t\t<\/div>\n\t\t\t\t<\/div>\n\t\t\t\t<\/div>\n\t\t\t\t\t<\/div>\n\t\t\t\t<\/div>\n\t\t<div class=\"elementor-element elementor-element-1b4a6e0 e-con-full e-flex e-con e-parent\" data-id=\"1b4a6e0\" data-element_type=\"container\" data-settings=\"{&quot;position&quot;:&quot;fixed&quot;,&quot;animation_mobile&quot;:&quot;fadeInRight&quot;}\">\n\t\t\t\t<div class=\"elementor-element elementor-element-886fd37 elementor-align-right elementor-mobile-align-right elementor-widget elementor-widget-button\" data-id=\"886fd37\" data-element_type=\"widget\" data-widget_type=\"button.default\">\n\t\t\t\t<div class=\"elementor-widget-container\">\n\t\t\t\t\t<div class=\"elementor-button-wrapper\">\n\t\t\t<a class=\"elementor-button elementor-button-link elementor-size-sm\" href=\"https:\/\/www.pepinieres-duchesne.fr\">\n\t\t\t\t\t\t<span class=\"elementor-button-content-wrapper\">\n\t\t\t\t\t\t\t\t\t<span class=\"elementor-button-text\">CATALOGUE <BR>COMMANDE <BR>EN LIGNE<\/span>\n\t\t\t\t\t<\/span>\n\t\t\t\t\t<\/a>\n\t\t<\/div>\n\t\t\t\t<\/div>\n\t\t\t\t<\/div>\n\t\t\t\t<\/div>\n\t\t<div class=\"elementor-element elementor-element-75a7aa7 e-flex e-con-boxed elementor-invisible e-con e-parent\" data-id=\"75a7aa7\" data-element_type=\"container\" data-settings=\"{&quot;animation&quot;:&quot;fadeInUp&quot;}\">\n\t\t\t\t\t<div class=\"e-con-inner\">\n\t\t<div class=\"elementor-element elementor-element-9a6e9f1 e-con-full e-flex e-con e-child\" data-id=\"9a6e9f1\" data-element_type=\"container\">\n\t\t\t\t<div class=\"elementor-element elementor-element-05da609 elementor-widget elementor-widget-image\" data-id=\"05da609\" data-element_type=\"widget\" data-widget_type=\"image.default\">\n\t\t\t\t<div class=\"elementor-widget-container\">\n\t\t\t\t\t\t\t\t\t\t\t\t\t<img fetchpriority=\"high\" decoding=\"async\" width=\"662\" height=\"500\" src=\"https:\/\/dev-werss.com\/wp-content\/uploads\/2024\/10\/thumb_w800h500zc3q95__18-1.jpg\" class=\"attachment-full size-full wp-image-630\" alt=\"\" srcset=\"https:\/\/dev-werss.com\/wp-content\/uploads\/2024\/10\/thumb_w800h500zc3q95__18-1.jpg 662w, https:\/\/dev-werss.com\/wp-content\/uploads\/2024\/10\/thumb_w800h500zc3q95__18-1-300x227.jpg 300w\" sizes=\"(max-width: 662px) 100vw, 662px\" \/>\t\t\t\t\t\t\t\t\t\t\t\t\t<\/div>\n\t\t\t\t<\/div>\n\t\t\t\t<\/div>\n\t\t<div class=\"elementor-element elementor-element-d6a2bd8 e-con-full e-flex e-con e-child\" data-id=\"d6a2bd8\" data-element_type=\"container\">\n\t\t\t\t<div class=\"elementor-element elementor-element-48ee62e elementor-widget elementor-widget-heading\" data-id=\"48ee62e\" data-element_type=\"widget\" data-widget_type=\"heading.default\">\n\t\t\t\t<div class=\"elementor-widget-container\">\n\t\t\t<h2 class=\"elementor-heading-title elementor-size-default\">NUTRITERRE<\/h2>\t\t<\/div>\n\t\t\t\t<\/div>\n\t\t\t\t<div class=\"elementor-element elementor-element-bb030ba elementor-widget elementor-widget-text-editor\" data-id=\"bb030ba\" data-element_type=\"widget\" data-widget_type=\"text-editor.default\">\n\t\t\t\t<div class=\"elementor-widget-container\">\n\t\t\t\t\t\t\tPour votre jardin-potager et massifs, vos pelouses, vos plantes en pot et jardini\u00e8res, vos arbres fruitiers et d\u2019ornement.\n\t\t\t\t\t\t<\/div>\n\t\t\t\t<\/div>\n\t\t\t\t<\/div>\n\t\t\t\t\t<\/div>\n\t\t\t\t<\/div>\n\t\t<div class=\"elementor-element elementor-element-ff4582a e-flex e-con-boxed elementor-invisible e-con e-parent\" data-id=\"ff4582a\" data-element_type=\"container\" data-settings=\"{&quot;background_background&quot;:&quot;classic&quot;,&quot;animation&quot;:&quot;fadeIn&quot;}\">\n\t\t\t\t\t<div class=\"e-con-inner\">\n\t\t<div class=\"elementor-element elementor-element-a2c0f7d e-con-full e-flex e-con e-child\" data-id=\"a2c0f7d\" data-element_type=\"container\" data-settings=\"{&quot;background_background&quot;:&quot;classic&quot;}\">\n\t\t\t\t<div class=\"elementor-element elementor-element-d7196b0 elementor-widget elementor-widget-spacer\" data-id=\"d7196b0\" data-element_type=\"widget\" data-widget_type=\"spacer.default\">\n\t\t\t\t<div class=\"elementor-widget-container\">\n\t\t\t\t\t<div class=\"elementor-spacer\">\n\t\t\t<div class=\"elementor-spacer-inner\"><\/div>\n\t\t<\/div>\n\t\t\t\t<\/div>\n\t\t\t\t<\/div>\n\t\t\t\t<div class=\"elementor-element elementor-element-844f78a elementor-align-center elementor-widget elementor-widget-button\" data-id=\"844f78a\" data-element_type=\"widget\" data-widget_type=\"button.default\">\n\t\t\t\t<div class=\"elementor-widget-container\">\n\t\t\t\t\t<div class=\"elementor-button-wrapper\">\n\t\t\t<a class=\"elementor-button elementor-button-link elementor-size-sm\" href=\"https:\/\/dev-werss.com\/?page_id=297\">\n\t\t\t\t\t\t<span class=\"elementor-button-content-wrapper\">\n\t\t\t\t\t\t\t\t\t<span class=\"elementor-button-text\">VOUS AVEZ UN PROJET ?<\/span>\n\t\t\t\t\t<\/span>\n\t\t\t\t\t<\/a>\n\t\t<\/div>\n\t\t\t\t<\/div>\n\t\t\t\t<\/div>\n\t\t\t\t<div class=\"elementor-element elementor-element-2904bae elementor-widget elementor-widget-spacer\" data-id=\"2904bae\" data-element_type=\"widget\" data-widget_type=\"spacer.default\">\n\t\t\t\t<div class=\"elementor-widget-container\">\n\t\t\t\t\t<div class=\"elementor-spacer\">\n\t\t\t<div class=\"elementor-spacer-inner\"><\/div>\n\t\t<\/div>\n\t\t\t\t<\/div>\n\t\t\t\t<\/div>\n\t\t\t\t<\/div>\n\t\t\t\t\t<\/div>\n\t\t\t\t<\/div>\n\t\t\t\t<\/div>\n\t\t","protected":false},"excerpt":{"rendered":"<p>CATALOGUE COMMANDE EN LIGNE NUTRITERRE Pour votre jardin-potager et massifs, vos pelouses, vos plantes en pot et jardini\u00e8res, vos arbres fruitiers et d\u2019ornement. VOUS AVEZ UN PROJET ?<\/p>\n","protected":false},"author":1,"featured_media":298,"parent":0,"menu_order":0,"comment_status":"closed","ping_status":"closed","template":"","meta":{"footnotes":""},"class_list":["post-634","page","type-page","status-publish","has-post-thumbnail","hentry"],"yoast_head":"<!-- This site is optimized with the Yoast SEO plugin v23.6 - https:\/\/yoast.com\/wordpress\/plugins\/seo\/ -->\n<title>Promotions - Duschene Jardins<\/title>\n<meta name=\"description\" content=\"D\u00e9couvrez les promotions de Duchesne Jardins sur les plantes, le jardinage et les am\u00e9nagements d&#039;espaces verts en Franche-Comt\u00e9.\" \/>\n<meta name=\"robots\" content=\"noindex, follow, max-snippet:-1, max-image-preview:large, max-video-preview:-1\" \/>\n<meta property=\"og:locale\" content=\"fr_FR\" \/>\n<meta property=\"og:type\" content=\"article\" \/>\n<meta property=\"og:title\" content=\"Promotions - Duschene Jardins\" \/>\n<meta property=\"og:description\" content=\"D\u00e9couvrez les promotions de Duchesne Jardins sur les plantes, le jardinage et les am\u00e9nagements d&#039;espaces verts en Franche-Comt\u00e9.\" \/>\n<meta property=\"og:url\" content=\"https:\/\/dev-werss.com\/?page_id=634\" \/>\n<meta property=\"og:site_name\" content=\"Duschene Jardins\" \/>\n<meta property=\"article:modified_time\" content=\"2024-10-19T14:35:49+00:00\" \/>\n<meta property=\"og:image\" content=\"https:\/\/dev-werss.com\/wp-content\/uploads\/2024\/10\/Duchesne-AMENAGEMENTS-3.webp\" \/>\n\t<meta property=\"og:image:width\" content=\"1072\" \/>\n\t<meta property=\"og:image:height\" content=\"752\" \/>\n\t<meta property=\"og:image:type\" content=\"image\/webp\" \/>\n<meta name=\"twitter:card\" content=\"summary_large_image\" \/>\n<meta name=\"twitter:label1\" content=\"Dur\u00e9e de lecture estim\u00e9e\" \/>\n\t<meta name=\"twitter:data1\" content=\"1 minute\" \/>\n<script type=\"application\/ld+json\" class=\"yoast-schema-graph\">{\"@context\":\"https:\/\/schema.org\",\"@graph\":[{\"@type\":\"WebPage\",\"@id\":\"https:\/\/dev-werss.com\/?page_id=634\",\"url\":\"https:\/\/dev-werss.com\/?page_id=634\",\"name\":\"Promotions - Duschene Jardins\",\"isPartOf\":{\"@id\":\"https:\/\/dev-werss.com\/#website\"},\"primaryImageOfPage\":{\"@id\":\"https:\/\/dev-werss.com\/?page_id=634#primaryimage\"},\"image\":{\"@id\":\"https:\/\/dev-werss.com\/?page_id=634#primaryimage\"},\"thumbnailUrl\":\"https:\/\/dev-werss.com\/wp-content\/uploads\/2024\/10\/Duchesne-AMENAGEMENTS-3.webp\",\"datePublished\":\"2024-10-18T20:18:58+00:00\",\"dateModified\":\"2024-10-19T14:35:49+00:00\",\"description\":\"D\u00e9couvrez les promotions de Duchesne Jardins sur les plantes, le jardinage et les am\u00e9nagements d'espaces verts en Franche-Comt\u00e9.\",\"breadcrumb\":{\"@id\":\"https:\/\/dev-werss.com\/?page_id=634#breadcrumb\"},\"inLanguage\":\"fr-FR\",\"potentialAction\":[{\"@type\":\"ReadAction\",\"target\":[\"https:\/\/dev-werss.com\/?page_id=634\"]}]},{\"@type\":\"ImageObject\",\"inLanguage\":\"fr-FR\",\"@id\":\"https:\/\/dev-werss.com\/?page_id=634#primaryimage\",\"url\":\"https:\/\/dev-werss.com\/wp-content\/uploads\/2024\/10\/Duchesne-AMENAGEMENTS-3.webp\",\"contentUrl\":\"https:\/\/dev-werss.com\/wp-content\/uploads\/2024\/10\/Duchesne-AMENAGEMENTS-3.webp\",\"width\":1072,\"height\":752},{\"@type\":\"BreadcrumbList\",\"@id\":\"https:\/\/dev-werss.com\/?page_id=634#breadcrumb\",\"itemListElement\":[{\"@type\":\"ListItem\",\"position\":1,\"name\":\"Accueil\",\"item\":\"https:\/\/dev-werss.com\/\"},{\"@type\":\"ListItem\",\"position\":2,\"name\":\"Promotions\"}]},{\"@type\":\"WebSite\",\"@id\":\"https:\/\/dev-werss.com\/#website\",\"url\":\"https:\/\/dev-werss.com\/\",\"name\":\"Duschene Jardins\",\"description\":\"\",\"potentialAction\":[{\"@type\":\"SearchAction\",\"target\":{\"@type\":\"EntryPoint\",\"urlTemplate\":\"https:\/\/dev-werss.com\/?s={search_term_string}\"},\"query-input\":{\"@type\":\"PropertyValueSpecification\",\"valueRequired\":true,\"valueName\":\"search_term_string\"}}],\"inLanguage\":\"fr-FR\"}]}<\/script>\n<!-- \/ Yoast SEO plugin. -->","yoast_head_json":{"title":"Promotions - Duschene Jardins","description":"D\u00e9couvrez les promotions de Duchesne Jardins sur les plantes, le jardinage et les am\u00e9nagements d'espaces verts en Franche-Comt\u00e9.","robots":{"index":"noindex","follow":"follow","max-snippet":"max-snippet:-1","max-image-preview":"max-image-preview:large","max-video-preview":"max-video-preview:-1"},"og_locale":"fr_FR","og_type":"article","og_title":"Promotions - Duschene Jardins","og_description":"D\u00e9couvrez les promotions de Duchesne Jardins sur les plantes, le jardinage et les am\u00e9nagements d'espaces verts en Franche-Comt\u00e9.","og_url":"https:\/\/dev-werss.com\/?page_id=634","og_site_name":"Duschene Jardins","article_modified_time":"2024-10-19T14:35:49+00:00","og_image":[{"width":1072,"height":752,"url":"https:\/\/dev-werss.com\/wp-content\/uploads\/2024\/10\/Duchesne-AMENAGEMENTS-3.webp","type":"image\/webp"}],"twitter_card":"summary_large_image","twitter_misc":{"Dur\u00e9e de lecture estim\u00e9e":"1 minute"},"schema":{"@context":"https:\/\/schema.org","@graph":[{"@type":"WebPage","@id":"https:\/\/dev-werss.com\/?page_id=634","url":"https:\/\/dev-werss.com\/?page_id=634","name":"Promotions - Duschene Jardins","isPartOf":{"@id":"https:\/\/dev-werss.com\/#website"},"primaryImageOfPage":{"@id":"https:\/\/dev-werss.com\/?page_id=634#primaryimage"},"image":{"@id":"https:\/\/dev-werss.com\/?page_id=634#primaryimage"},"thumbnailUrl":"https:\/\/dev-werss.com\/wp-content\/uploads\/2024\/10\/Duchesne-AMENAGEMENTS-3.webp","datePublished":"2024-10-18T20:18:58+00:00","dateModified":"2024-10-19T14:35:49+00:00","description":"D\u00e9couvrez les promotions de Duchesne Jardins sur les plantes, le jardinage et les am\u00e9nagements d'espaces verts en Franche-Comt\u00e9.","breadcrumb":{"@id":"https:\/\/dev-werss.com\/?page_id=634#breadcrumb"},"inLanguage":"fr-FR","potentialAction":[{"@type":"ReadAction","target":["https:\/\/dev-werss.com\/?page_id=634"]}]},{"@type":"ImageObject","inLanguage":"fr-FR","@id":"https:\/\/dev-werss.com\/?page_id=634#primaryimage","url":"https:\/\/dev-werss.com\/wp-content\/uploads\/2024\/10\/Duchesne-AMENAGEMENTS-3.webp","contentUrl":"https:\/\/dev-werss.com\/wp-content\/uploads\/2024\/10\/Duchesne-AMENAGEMENTS-3.webp","width":1072,"height":752},{"@type":"BreadcrumbList","@id":"https:\/\/dev-werss.com\/?page_id=634#breadcrumb","itemListElement":[{"@type":"ListItem","position":1,"name":"Accueil","item":"https:\/\/dev-werss.com\/"},{"@type":"ListItem","position":2,"name":"Promotions"}]},{"@type":"WebSite","@id":"https:\/\/dev-werss.com\/#website","url":"https:\/\/dev-werss.com\/","name":"Duschene Jardins","description":"","potentialAction":[{"@type":"SearchAction","target":{"@type":"EntryPoint","urlTemplate":"https:\/\/dev-werss.com\/?s={search_term_string}"},"query-input":{"@type":"PropertyValueSpecification","valueRequired":true,"valueName":"search_term_string"}}],"inLanguage":"fr-FR"}]}},"_links":{"self":[{"href":"https:\/\/dev-werss.com\/index.php?rest_route=\/wp\/v2\/pages\/634"}],"collection":[{"href":"https:\/\/dev-werss.com\/index.php?rest_route=\/wp\/v2\/pages"}],"about":[{"href":"https:\/\/dev-werss.com\/index.php?rest_route=\/wp\/v2\/types\/page"}],"author":[{"embeddable":true,"href":"https:\/\/dev-werss.com\/index.php?rest_route=\/wp\/v2\/users\/1"}],"replies":[{"embeddable":true,"href":"https:\/\/dev-werss.com\/index.php?rest_route=%2Fwp%2Fv2%2Fcomments&post=634"}],"version-history":[{"count":22,"href":"https:\/\/dev-werss.com\/index.php?rest_route=\/wp\/v2\/pages\/634\/revisions"}],"predecessor-version":[{"id":1369,"href":"https:\/\/dev-werss.com\/index.php?rest_route=\/wp\/v2\/pages\/634\/revisions\/1369"}],"wp:featuredmedia":[{"embeddable":true,"href":"https:\/\/dev-werss.com\/index.php?rest_route=\/wp\/v2\/media\/298"}],"wp:attachment":[{"href":"https:\/\/dev-werss.com\/index.php?rest_route=%2Fwp%2Fv2%2Fmedia&parent=634"}],"curies":[{"name":"wp","href":"https:\/\/api.w.org\/{rel}","templated":true}]}}